{"id":2018,"date":"2024-06-22T07:31:11","date_gmt":"2024-06-22T07:31:11","guid":{"rendered":"https:\/\/www.caresseart.com\/?page_id=2018"},"modified":"2025-04-05T10:03:42","modified_gmt":"2025-04-05T10:03:42","slug":"caresse-a-luxury-collection-resort-spa-bodrum","status":"publish","type":"page","link":"https:\/\/www.caresseart.com\/?page_id=2018","title":{"rendered":"Caresse Bodrum"},"content":{"rendered":"\t\t<div data-elementor-type=\"wp-page\" data-elementor-id=\"2018\" class=\"elementor elementor-2018\" data-elementor-post-type=\"page\">\n\t\t\t\t\t\t<section class=\"elementor-section elementor-top-section elementor-element elementor-element-cec6f3a elementor-section-height-min-height elementor-section-items-top elementor-section-boxed elementor-section-height-default\" data-id=\"cec6f3a\" data-element_type=\"section\" data-e-type=\"section\" data-settings=\"{&quot;ekit_has_onepagescroll_dot&quot;:&quot;yes&quot;}\">\n\t\t\t\t\t\t<div class=\"elementor-container elementor-column-gap-default\">\n\t\t\t\t\t<div class=\"elementor-column elementor-col-50 elementor-top-column elementor-element elementor-element-eee1f2b\" data-id=\"eee1f2b\" data-element_type=\"column\" data-e-type=\"column\">\n\t\t\t<div class=\"elementor-widget-wrap elementor-element-populated\">\n\t\t\t\t\t\t<div class=\"elementor-element elementor-element-c1155b0 elementor-widget elementor-widget-image\" data-id=\"c1155b0\" data-element_type=\"widget\" data-e-type=\"widget\" data-settings=\"{&quot;ekit_we_effect_on&quot;:&quot;none&quot;}\" data-widget_type=\"image.default\">\n\t\t\t\t<div class=\"elementor-widget-container\">\n\t\t\t\t\t\t\t\t\t\t\t\t\t\t\t<img fetchpriority=\"high\" decoding=\"async\" width=\"961\" height=\"1024\" src=\"https:\/\/www.caresseart.com\/wp-content\/uploads\/2025\/04\/caresse-961x1024.jpg\" class=\"attachment-large size-large wp-image-2608\" alt=\"\" srcset=\"https:\/\/www.caresseart.com\/wp-content\/uploads\/2025\/04\/caresse-961x1024.jpg 961w, https:\/\/www.caresseart.com\/wp-content\/uploads\/2025\/04\/caresse-282x300.jpg 282w, https:\/\/www.caresseart.com\/wp-content\/uploads\/2025\/04\/caresse-768x818.jpg 768w, https:\/\/www.caresseart.com\/wp-content\/uploads\/2025\/04\/caresse-1441x1536.jpg 1441w, https:\/\/www.caresseart.com\/wp-content\/uploads\/2025\/04\/caresse-1922x2048.jpg 1922w\" sizes=\"(max-width: 961px) 100vw, 961px\" \/>\t\t\t\t\t\t\t\t\t\t\t\t\t\t\t<\/div>\n\t\t\t\t<\/div>\n\t\t\t\t\t<\/div>\n\t\t<\/div>\n\t\t\t\t<div class=\"elementor-column elementor-col-50 elementor-top-column elementor-element elementor-element-6d35d44\" data-id=\"6d35d44\" data-element_type=\"column\" data-e-type=\"column\" data-settings=\"{&quot;background_background&quot;:&quot;classic&quot;}\">\n\t\t\t<div class=\"elementor-widget-wrap elementor-element-populated\">\n\t\t\t\t\t\t<div class=\"elementor-element elementor-element-0d93c11 pp-dual-heading-inline elementor-widget elementor-widget-pp-dual-heading\" data-id=\"0d93c11\" data-element_type=\"widget\" data-e-type=\"widget\" data-settings=\"{&quot;ekit_we_effect_on&quot;:&quot;none&quot;}\" data-widget_type=\"pp-dual-heading.default\">\n\t\t\t\t<div class=\"elementor-widget-container\">\n\t\t\t\t\t<h2 class=\"pp-dual-heading\"><span class=\"pp-first-text\">Caresse, <\/span><span class=\"pp-second-text\">a Luxury Collection Resort &#038; Spa, Bodrum<\/span><\/h2>\t\t\t\t<\/div>\n\t\t\t\t<\/div>\n\t\t\t\t<div class=\"elementor-element elementor-element-e004e7f elementor-widget elementor-widget-text-editor\" data-id=\"e004e7f\" data-element_type=\"widget\" data-e-type=\"widget\" data-settings=\"{&quot;ekit_we_effect_on&quot;:&quot;none&quot;}\" data-widget_type=\"text-editor.default\">\n\t\t\t\t<div class=\"elementor-widget-container\">\n\t\t\t\t\t\t\t\t\t<p>Caresse, a Luxury Collection Resort &amp; Spa, Bodrum&#8217;un b\u00fcy\u00fcleyici do\u011fal g\u00fczellikleri i\u00e7inde, huzurlu bir \u00f6zel koyda yer almaktad\u0131r. Tatil k\u00f6y\u00fc, Ege Denizi&#8217;nin b\u00fcy\u00fcleyici manzaralar\u0131na sahip \u00e7e\u015fitli odalar, s\u00fcitler, \u00f6zel bir\u00a0<span style=\"color: var( --e-global-color-text );\">villa ve \u00f6zel rezidanslar dahil olmak \u00fczere her misafirin ihtiya\u00e7lar\u0131n\u0131\u00a0<\/span><span style=\"color: var( --e-global-color-text );\">kar\u015f\u0131lamak i\u00e7in zarif bir \u015fekilde tasarlanm\u0131\u015f konaklama se\u00e7enekleri\u00a0<\/span><span style=\"color: var( --e-global-color-text );\">sunmaktad\u0131r.\u00a0 Her oda, Marriott&#8217;un Signature Luxury Collection\u00a0<\/span><span style=\"color: var( --e-global-color-text );\">yataklar\u0131yla \u00f6zenle d\u00f6\u015fenmi\u015f olup, Bodrum&#8217;u ke\u015ffetti\u011finiz bir g\u00fcn\u00fcn\u00a0<\/span><span style=\"color: var( --e-global-color-text );\">ard\u0131ndan dinlendirici bir uyku vaat eder<\/span><span style=\"color: var( --e-global-color-text );\">.<\/span><\/p><p>Caresse Bodrum, d\u00fcnya \u00e7ap\u0131nda tan\u0131nan markalardan se\u00e7kin yemek se\u00e7enekleri sunmaktad\u0131r. Yunan mutfa\u011f\u0131ndaki benzersiz lezzetleriyle Barbarossa Restaurant, nefes kesen deniz manzaras\u0131 e\u015fli\u011finde zarif bir yemek deneyimi sunar. Buddha Beach Bar, neo-Asya mutfa\u011f\u0131 ve zengin miksoloji k\u00fclt\u00fcr\u00fcn\u00fc benimseyerek, dinlenmek ve \u00e7e\u015fitli ferahlat\u0131c\u0131 kokteyllerin tad\u0131n\u0131 \u00e7\u0131karmak i\u00e7in m\u00fckemmel bir mekand\u0131r. La Zucca Pizza Bar Bodrum, b\u00fcy\u00fcleyici bir atmosferde otantik \u0130talyan mutfa\u011f\u0131 sunarken, Glass Lounge, Ege Denizi&#8217;nin b\u00fcy\u00fcleyici manzaralar\u0131 e\u015fli\u011finde uluslararas\u0131 yemekler ve \u015faraplar sunmaktad\u0131r. Muhte\u015fem yemek deneyimlerini tamamlayan Vakko L&#8217;atelier Patisserie, birbirinden lezzetli hamur i\u015fleri ve tatl\u0131larla misafirlerine unutulmaz bir tat sunar.<\/p>\t\t\t\t\t\t\t\t<\/div>\n\t\t\t\t<\/div>\n\t\t\t\t\t<\/div>\n\t\t<\/div>\n\t\t\t\t\t<\/div>\n\t\t<\/section>\n\t\t\t\t<\/div>\n\t\t","protected":false},"excerpt":{"rendered":"<p>Caresse, a Luxury Collection Resort &#038; Spa, Bodrum Caresse, a Luxury Collection Resort &amp; Spa, Bodrum&#8217;un b\u00fcy\u00fcleyici do\u011fal g\u00fczellikleri i\u00e7inde, huzurlu bir \u00f6zel koyda yer almaktad\u0131r. Tatil k\u00f6y\u00fc, Ege Denizi&#8217;nin&#8230;<\/p>\n","protected":false},"author":3,"featured_media":0,"parent":0,"menu_order":0,"comment_status":"closed","ping_status":"closed","template":"elementor_header_footer","meta":{"footnotes":""},"class_list":["post-2018","page","type-page","status-publish"],"_links":{"self":[{"href":"https:\/\/www.caresseart.com\/index.php?rest_route=\/wp\/v2\/pages\/2018","targetHints":{"allow":["GET"]}}],"collection":[{"href":"https:\/\/www.caresseart.com\/index.php?rest_route=\/wp\/v2\/pages"}],"about":[{"href":"https:\/\/www.caresseart.com\/index.php?rest_route=\/wp\/v2\/types\/page"}],"author":[{"embeddable":true,"href":"https:\/\/www.caresseart.com\/index.php?rest_route=\/wp\/v2\/users\/3"}],"replies":[{"embeddable":true,"href":"https:\/\/www.caresseart.com\/index.php?rest_route=%2Fwp%2Fv2%2Fcomments&post=2018"}],"version-history":[{"count":23,"href":"https:\/\/www.caresseart.com\/index.php?rest_route=\/wp\/v2\/pages\/2018\/revisions"}],"predecessor-version":[{"id":2620,"href":"https:\/\/www.caresseart.com\/index.php?rest_route=\/wp\/v2\/pages\/2018\/revisions\/2620"}],"wp:attachment":[{"href":"https:\/\/www.caresseart.com\/index.php?rest_route=%2Fwp%2Fv2%2Fmedia&parent=2018"}],"curies":[{"name":"wp","href":"https:\/\/api.w.org\/{rel}","templated":true}]}}