{"id":1932,"date":"2024-06-21T19:29:06","date_gmt":"2024-06-21T19:29:06","guid":{"rendered":"https:\/\/www.caresseart.com\/?page_id=1932"},"modified":"2024-06-22T07:15:32","modified_gmt":"2024-06-22T07:15:32","slug":"zone-3-3th-floor","status":"publish","type":"page","link":"https:\/\/www.caresseart.com\/?page_id=1932","title":{"rendered":"Zone &#8211; 3 &#8211; 3th Floor"},"content":{"rendered":"\t\t<div data-elementor-type=\"wp-page\" data-elementor-id=\"1932\" class=\"elementor elementor-1932\" data-elementor-post-type=\"page\">\n\t\t\t\t\t\t<section class=\"elementor-section elementor-top-section elementor-element elementor-element-585b8fa elementor-section-boxed elementor-section-height-default elementor-section-height-default\" data-id=\"585b8fa\" data-element_type=\"section\" data-e-type=\"section\" data-settings=\"{&quot;ekit_has_onepagescroll_dot&quot;:&quot;yes&quot;}\">\n\t\t\t\t\t\t<div class=\"elementor-container elementor-column-gap-default\">\n\t\t\t\t\t<div class=\"elementor-column elementor-col-100 elementor-top-column elementor-element elementor-element-95c18ac\" data-id=\"95c18ac\" data-element_type=\"column\" data-e-type=\"column\">\n\t\t\t<div class=\"elementor-widget-wrap elementor-element-populated\">\n\t\t\t\t\t\t<section class=\"elementor-section elementor-inner-section elementor-element elementor-element-efc6f92 elementor-section-full_width elementor-section-height-default elementor-section-height-default\" data-id=\"efc6f92\" data-element_type=\"section\" data-e-type=\"section\" data-settings=\"{&quot;ekit_has_onepagescroll_dot&quot;:&quot;yes&quot;}\">\n\t\t\t\t\t\t<div class=\"elementor-container elementor-column-gap-default\">\n\t\t\t\t\t<div class=\"elementor-column elementor-col-33 elementor-inner-column elementor-element elementor-element-0da3db9\" data-id=\"0da3db9\" data-element_type=\"column\" data-e-type=\"column\">\n\t\t\t<div class=\"elementor-widget-wrap elementor-element-populated\">\n\t\t\t\t\t\t<div class=\"elementor-element elementor-element-f25a582 elementor-widget elementor-widget-heading\" data-id=\"f25a582\" data-element_type=\"widget\" data-e-type=\"widget\" data-settings=\"{&quot;ekit_we_effect_on&quot;:&quot;none&quot;}\" data-widget_type=\"heading.default\">\n\t\t\t\t<div class=\"elementor-widget-container\">\n\t\t\t\t\t<h2 class=\"elementor-heading-title elementor-size-default\">EXPLORE ARTS ROUTES<\/h2>\t\t\t\t<\/div>\n\t\t\t\t<\/div>\n\t\t\t\t<div class=\"elementor-element elementor-element-76beed1 elementor-widget elementor-widget-heading\" data-id=\"76beed1\" data-element_type=\"widget\" data-e-type=\"widget\" data-settings=\"{&quot;ekit_we_effect_on&quot;:&quot;none&quot;}\" data-widget_type=\"heading.default\">\n\t\t\t\t<div class=\"elementor-widget-container\">\n\t\t\t\t\t<h2 class=\"elementor-heading-title elementor-size-default\">3th FLoor<\/h2>\t\t\t\t<\/div>\n\t\t\t\t<\/div>\n\t\t\t\t\t<\/div>\n\t\t<\/div>\n\t\t\t\t<div class=\"elementor-column elementor-col-33 elementor-inner-column elementor-element elementor-element-3eace77\" data-id=\"3eace77\" data-element_type=\"column\" data-e-type=\"column\">\n\t\t\t<div class=\"elementor-widget-wrap elementor-element-populated\">\n\t\t\t\t\t\t<div class=\"elementor-element elementor-element-ba376be elementor-icon-list--layout-inline elementor-mobile-align-start elementor-align-end elementor-list-item-link-full_width elementor-widget elementor-widget-icon-list\" data-id=\"ba376be\" data-element_type=\"widget\" data-e-type=\"widget\" data-settings=\"{&quot;ekit_we_effect_on&quot;:&quot;none&quot;}\" data-widget_type=\"icon-list.default\">\n\t\t\t\t<div class=\"elementor-widget-container\">\n\t\t\t\t\t\t\t<ul class=\"elementor-icon-list-items elementor-inline-items\">\n\t\t\t\t\t\t\t<li class=\"elementor-icon-list-item elementor-inline-item\">\n\t\t\t\t\t\t\t\t\t\t\t<a href=\"https:\/\/www.caresseart.com\/?page_id=26\">\n\n\t\t\t\t\t\t\t\t\t\t\t<span class=\"elementor-icon-list-text\">home<\/span>\n\t\t\t\t\t\t\t\t\t\t\t<\/a>\n\t\t\t\t\t\t\t\t\t<\/li>\n\t\t\t\t\t\t\t\t<li class=\"elementor-icon-list-item elementor-inline-item\">\n\t\t\t\t\t\t\t\t\t\t\t<a href=\"https:\/\/www.caresseart.com\/?page_id=31\">\n\n\t\t\t\t\t\t\t\t\t\t\t<span class=\"elementor-icon-list-text\">routes<\/span>\n\t\t\t\t\t\t\t\t\t\t\t<\/a>\n\t\t\t\t\t\t\t\t\t<\/li>\n\t\t\t\t\t\t\t\t<li class=\"elementor-icon-list-item elementor-inline-item\">\n\t\t\t\t\t\t\t\t\t\t<span class=\"elementor-icon-list-text\">Zone &#8211; 3 &#8211; 3th Floor<\/span>\n\t\t\t\t\t\t\t\t\t<\/li>\n\t\t\t\t\t\t<\/ul>\n\t\t\t\t\t\t<\/div>\n\t\t\t\t<\/div>\n\t\t\t\t\t<\/div>\n\t\t<\/div>\n\t\t\t\t<div class=\"elementor-column elementor-col-33 elementor-inner-column elementor-element elementor-element-e3a80ac\" data-id=\"e3a80ac\" data-element_type=\"column\" data-e-type=\"column\">\n\t\t\t<div class=\"elementor-widget-wrap elementor-element-populated\">\n\t\t\t\t\t\t<div class=\"elementor-element elementor-element-6b6bba6 elementor-widget elementor-widget-pp-advanced-menu\" data-id=\"6b6bba6\" data-element_type=\"widget\" data-e-type=\"widget\" data-settings=\"{&quot;menu_type&quot;:&quot;off-canvas&quot;,&quot;toggle&quot;:&quot;icon-label&quot;,&quot;toggle_icon_type&quot;:&quot;custom&quot;,&quot;layout&quot;:&quot;horizontal&quot;,&quot;show_submenu_on&quot;:&quot;hover&quot;,&quot;submenu_icon&quot;:{&quot;value&quot;:&quot;&lt;svg class=\\&quot;e-font-icon-svg e-fas-caret-down\\&quot; viewBox=\\&quot;0 0 320 512\\&quot; xmlns=\\&quot;http:\\\/\\\/www.w3.org\\\/2000\\\/svg\\&quot;&gt;&lt;path d=\\&quot;M31.3 192h257.3c17.8 0 26.7 21.5 14.1 34.1L174.1 354.8c-7.8 7.8-20.5 7.8-28.3 0L17.2 226.1C4.6 213.5 13.5 192 31.3 192z\\&quot;&gt;&lt;\\\/path&gt;&lt;\\\/svg&gt;&quot;,&quot;library&quot;:&quot;fa-solid&quot;},&quot;onepage_menu&quot;:&quot;no&quot;,&quot;show_responsive_submenu_on&quot;:&quot;icon&quot;,&quot;ekit_we_effect_on&quot;:&quot;none&quot;}\" data-widget_type=\"pp-advanced-menu.default\">\n\t\t\t\t<div class=\"elementor-widget-container\">\n\t\t\t\t\t\n\t\t\t\t<div class=\"pp-advanced-menu-main-wrapper pp-advanced-menu__align-right pp-advanced-menu--dropdown-all pp-advanced-menu--type-off-canvas pp-advanced-menu__text-align- pp-advanced-menu--toggle pp-advanced-menu--icon-label\">\n\t\t\t\t\t\t\t\t\t\t\t<div class=\"pp-menu-toggle pp-menu-toggle-on-all pp-menu-toggle-label-left\">\n\t\t\t\t\t\t\t\t\t\t\t<div class=\"pp-hamburger\">\n\t\t\t\t\t\t\t<div class=\"pp-hamburger-box\">\n\t\t\t\t\t\t\t\t\t\t\t\t\t\t\t\t\t\t\t\t\t\t\t\t\t\t\t<span class=\"pp-hamburger-icon pp-icon\">\n\t\t\t\t\t\t\t\t\t\t\t<svg xmlns=\"http:\/\/www.w3.org\/2000\/svg\" id=\"Capa_1\" height=\"512\" viewBox=\"0 0 512 512\" width=\"512\"><g><path d=\"m94.744 296.184c-8.817 5.23-14.744 14.842-14.744 25.816 0 16.542 13.458 30 30 30 13.036 0 24.152-8.361 28.28-20h77.72c16.542 0 30 13.458 30 30s-13.458 30-30 30h-120c-27.57 0-50 22.43-50 50s22.43 50 50 50h100c5.523 0 10-4.477 10-10s-4.477-10-10-10h-100c-16.542 0-30-13.458-30-30s13.458-30 30-30h120c27.57 0 50-22.43 50-50s-22.43-50-50-50h-77.72c-2.365-6.668-7.023-12.257-13.024-15.816l76.378-125.316c12.015-18.06 18.366-39.104 18.366-60.868 0-60.654-49.346-110-110-110s-110 49.346-110 110c0 21.764 6.351 42.808 18.366 60.868zm15.256 35.816c-5.514 0-10-4.486-10-10s4.486-10 10-10 10 4.486 10 10-4.486 10-10 10zm0-312c49.626 0 90 40.374 90 90 0 17.868-5.227 35.135-15.115 49.935-.077.115-.152.232-.224.351l-74.661 122.499s-74.808-122.735-74.885-122.85c-9.888-14.8-15.115-32.067-15.115-49.935 0-49.626 40.374-90 90-90z\"><\/path><path d=\"m110 160c27.57 0 50-22.43 50-50s-22.43-50-50-50-50 22.43-50 50 22.43 50 50 50zm0-80c16.542 0 30 13.458 30 30s-13.458 30-30 30-30-13.458-30-30 13.458-30 30-30z\"><\/path><path d=\"m402 166c-60.654 0-110 49.346-110 110 0 21.799 6.371 42.875 18.424 60.954l76.093 119.36c-5.892 3.565-10.461 9.101-12.796 15.686h-87.721c-5.523 0-10 4.477-10 10s4.477 10 10 10h87.72c4.128 11.639 15.243 20 28.28 20 16.542 0 30-13.458 30-30 0-10.881-5.823-20.426-14.516-25.686l76.093-119.36c12.052-18.079 18.423-39.155 18.423-60.954 0-60.654-49.346-110-110-110zm0 326c-5.514 0-10-4.486-10-10s4.486-10 10-10 10 4.486 10 10-4.486 10-10 10zm74.885-166.065c-.039.06-74.885 117.462-74.885 117.462s-74.846-117.403-74.885-117.462c-9.888-14.8-15.115-32.067-15.115-49.935 0-49.626 40.374-90 90-90s90 40.374 90 90c0 17.868-5.227 35.135-15.115 49.935z\"><\/path><path d=\"m402 226c-27.57 0-50 22.43-50 50s22.43 50 50 50 50-22.43 50-50-22.43-50-50-50zm0 80c-16.542 0-30-13.458-30-30s13.458-30 30-30 30 13.458 30 30-13.458 30-30 30z\"><\/path><circle cx=\"241\" cy=\"482\" r=\"10\"><\/circle><\/g><\/svg>\t\t\t\t\t\t\t\t\t\t<\/span>\n\t\t\t\t\t\t\t\t\t\t\t\t\t\t\t\t\t\t\t\t\t\t\t\t<\/div>\n\t\t\t\t\t\t<\/div>\n\t\t\t\t\t\t\t\t\t\t\t\t\t\t\t\t\t\t\t\t\t\t\t<span class=\"pp-menu-toggle-label\">\n\t\t\t\t\t\t\t\tAll Routes\t\t\t\t\t\t\t<\/span>\n\t\t\t\t\t\t\t\t\t\t\t\t\t\t\t<\/div>\n\t\t\t\t\t\t\t\t\t\t\t\t<nav class=\"pp-advanced-menu--dropdown pp-menu-style-toggle pp-advanced-menu__container pp-menu-6b6bba6 pp-menu-off-canvas pp-menu-off-canvas-left\" data-settings=\"{&quot;menu_id&quot;:&quot;6b6bba6&quot;,&quot;breakpoint&quot;:&quot;all&quot;,&quot;full_width&quot;:false}\">\n\t\t\t\t\t\t\t\t\t<div class=\"pp-menu-close-wrap\">\n\t\t\t\t\t\t<div class=\"pp-menu-close\"><\/div>\n\t\t\t\t\t<\/div>\n\t\t\t\t\t\t\t\t\t\t\t\t<ul id=\"menu-route-1\" class=\"pp-advanced-menu\"><li class=\"menu-item menu-item-type-post_type menu-item-object-page menu-item-1965\"><a href=\"https:\/\/www.caresseart.com\/?page_id=1799\" class=\"pp-menu-item\">Zone-1<\/a><\/li>\n<li class=\"menu-item menu-item-type-post_type menu-item-object-page menu-item-1966\"><a href=\"https:\/\/www.caresseart.com\/?page_id=1813\" class=\"pp-menu-item\">Zone-2<\/a><\/li>\n<li class=\"menu-item menu-item-type-post_type menu-item-object-page menu-item-1968\"><a href=\"https:\/\/www.caresseart.com\/?page_id=1922\" class=\"pp-menu-item\">Zone \u2013 3 \u2013 Lobby Floor<\/a><\/li>\n<li class=\"menu-item menu-item-type-post_type menu-item-object-page menu-item-1967\"><a href=\"https:\/\/www.caresseart.com\/?page_id=1912\" class=\"pp-menu-item\">Zone \u2013 3 \u2013 R Floor<\/a><\/li>\n<li class=\"menu-item menu-item-type-post_type menu-item-object-page current-menu-item page_item page-item-1932 current_page_item menu-item-1969\"><a href=\"https:\/\/www.caresseart.com\/?page_id=1932\" aria-current=\"page\" class=\"pp-menu-item pp-menu-item-active\">Zone \u2013 3 \u2013 3th Floor<\/a><\/li>\n<li class=\"menu-item menu-item-type-post_type menu-item-object-page menu-item-1970\"><a href=\"https:\/\/www.caresseart.com\/?page_id=1939\" class=\"pp-menu-item\">Zone \u2013 3 \u2013 2nd Floor<\/a><\/li>\n<li class=\"menu-item menu-item-type-post_type menu-item-object-page menu-item-1971\"><a href=\"https:\/\/www.caresseart.com\/?page_id=1946\" class=\"pp-menu-item\">Zone \u2013 3 \u2013 1rst Floor<\/a><\/li>\n<li class=\"menu-item menu-item-type-post_type menu-item-object-page menu-item-1972\"><a href=\"https:\/\/www.caresseart.com\/?page_id=1953\" class=\"pp-menu-item\">Zone \u2013 3 \u2013 0 Floor \u2013 Beach Area<\/a><\/li>\n<\/ul>\t\t\t\t\t\t\t<\/nav>\n\t\t\t\t\t\t\t<\/div>\n\t\t\t\t\t\t\t\t<\/div>\n\t\t\t\t<\/div>\n\t\t\t\t\t<\/div>\n\t\t<\/div>\n\t\t\t\t\t<\/div>\n\t\t<\/section>\n\t\t\t\t<div class=\"elementor-element elementor-element-fa5ea97 elementor-widget elementor-widget-shortcode\" data-id=\"fa5ea97\" data-element_type=\"widget\" data-e-type=\"widget\" data-settings=\"{&quot;ekit_we_effect_on&quot;:&quot;none&quot;}\" data-widget_type=\"shortcode.default\">\n\t\t\t\t<div class=\"elementor-widget-container\">\n\t\t\t\t\t\t\t<div class=\"elementor-shortcode\"><mapplic-map id=\"mapplic-1930\" data-json=\"{&quot;settings&quot;:{&quot;mapWidth&quot;:2560,&quot;mapHeight&quot;:1512,&quot;zoom&quot;:true,&quot;hoverTooltip&quot;:true,&quot;maxZoom&quot;:7,&quot;layer&quot;:&quot;layer1&quot;,&quot;layerSwitcher&quot;:&quot;top-right&quot;,&quot;resetButton&quot;:&quot;bottom-right&quot;,&quot;zoomButtons&quot;:&quot;bottom-right&quot;,&quot;primaryColor&quot;:&quot;#d60000&quot;,&quot;moreText&quot;:&quot;Artist&#039;s Page&quot;,&quot;fullscreen&quot;:&quot;top-left&quot;,&quot;accessibility&quot;:true,&quot;sidebar&quot;:true,&quot;ordered&quot;:true,&quot;thumbnails&quot;:true,&quot;filters&quot;:true},&quot;locations&quot;:[{&quot;id&quot;:&quot;loc38&quot;,&quot;title&quot;:&quot;ERG\u0130N ATLIHAN&quot;,&quot;desc&quot;:&quot;&lt;p&gt;&lt;\/p&gt;&quot;,&quot;coord&quot;:[0.2173,0.6262],&quot;layer&quot;:&quot;layer1&quot;,&quot;link&quot;:&quot;https:\/\/www.caresseart.com\/?sanatcilar=ergin-atlihan&quot;,&quot;scale&quot;:0.5,&quot;type&quot;:&quot;pulse&quot;},{&quot;id&quot;:&quot;loc37&quot;,&quot;title&quot;:&quot;\u015eEVKET ARIK&quot;,&quot;desc&quot;:&quot;&lt;p&gt;&lt;\/p&gt;&quot;,&quot;coord&quot;:[0.2689,0.6688],&quot;layer&quot;:&quot;layer1&quot;,&quot;link&quot;:&quot;https:\/\/www.caresseart.com\/?sanatcilar=sevket-arik&quot;,&quot;scale&quot;:0.5,&quot;type&quot;:&quot;pulse&quot;},{&quot;id&quot;:&quot;loc36&quot;,&quot;title&quot;:&quot;ELIF AYDO\u011eDU A\u011eATEKIN&quot;,&quot;desc&quot;:&quot;&lt;p&gt;&lt;\/p&gt;&quot;,&quot;coord&quot;:[0.2689,0.6357],&quot;layer&quot;:&quot;layer1&quot;,&quot;scale&quot;:0.5,&quot;type&quot;:&quot;pulse&quot;,&quot;link&quot;:&quot;https:\/\/www.caresseart.com\/?sanatcilar=elif-aydogdu-agatekin&quot;},{&quot;id&quot;:&quot;loc35&quot;,&quot;title&quot;:&quot;YASEM\u0130N ERD\u0130N TAVUK&Ccedil;U&quot;,&quot;desc&quot;:&quot;&lt;p&gt;&lt;\/p&gt;&quot;,&quot;coord&quot;:[0.2688,0.6028],&quot;layer&quot;:&quot;layer1&quot;,&quot;link&quot;:&quot;https:\/\/www.caresseart.com\/?sanatcilar=yasemin-erdin-tavukcu&quot;,&quot;scale&quot;:0.5,&quot;type&quot;:&quot;pulse&quot;},{&quot;id&quot;:&quot;loc34&quot;,&quot;title&quot;:&quot;B\u0130RG&Uuml;L G&Uuml;LER&quot;,&quot;desc&quot;:&quot;&lt;p&gt;&lt;\/p&gt;&quot;,&quot;coord&quot;:[0.2912,0.4829],&quot;layer&quot;:&quot;layer1&quot;,&quot;type&quot;:&quot;pulse&quot;,&quot;scale&quot;:0.5,&quot;link&quot;:&quot;https:\/\/www.caresseart.com\/?sanatcilar=birgul-guler&quot;},{&quot;id&quot;:&quot;loc33&quot;,&quot;title&quot;:&quot;MEHDI NAGHAVI&quot;,&quot;desc&quot;:&quot;&lt;p&gt;&lt;\/p&gt;&quot;,&quot;coord&quot;:[0.3752,0.4821],&quot;layer&quot;:&quot;layer1&quot;,&quot;type&quot;:&quot;pulse&quot;,&quot;scale&quot;:0.5,&quot;link&quot;:&quot;https:\/\/www.caresseart.com\/?sanatcilar=mehdi-naghavi&quot;},{&quot;id&quot;:&quot;loc32&quot;,&quot;title&quot;:&quot;DAMLA G&Uuml;DEMEZ&quot;,&quot;desc&quot;:&quot;&lt;p&gt;&lt;\/p&gt;&quot;,&quot;coord&quot;:[0.2541,0.4439],&quot;layer&quot;:&quot;layer1&quot;,&quot;scale&quot;:0.4,&quot;type&quot;:&quot;pulse&quot;,&quot;link&quot;:&quot;https:\/\/www.caresseart.com\/?sanatcilar=damla-gudemez&quot;},{&quot;id&quot;:&quot;loc31&quot;,&quot;title&quot;:&quot;DAMLA G&Uuml;DEMEZ&quot;,&quot;desc&quot;:&quot;&lt;p&gt;&lt;\/p&gt;&quot;,&quot;coord&quot;:[0.265,0.4859],&quot;layer&quot;:&quot;layer1&quot;,&quot;type&quot;:&quot;pulse&quot;,&quot;scale&quot;:0.5,&quot;link&quot;:&quot;https:\/\/www.caresseart.com\/?sanatcilar=damla-gudemez&quot;},{&quot;id&quot;:&quot;loc30&quot;,&quot;title&quot;:&quot;DAMLA G&Uuml;DEMEZ&quot;,&quot;desc&quot;:&quot;&lt;p&gt;&lt;\/p&gt;&quot;,&quot;coord&quot;:[0.2744,0.4796],&quot;layer&quot;:&quot;layer1&quot;,&quot;type&quot;:&quot;pulse&quot;,&quot;scale&quot;:0.5,&quot;link&quot;:&quot;https:\/\/www.caresseart.com\/?sanatcilar=damla-gudemez&quot;},{&quot;id&quot;:&quot;loc29&quot;,&quot;title&quot;:&quot;DAMLA G&Uuml;DEMEZ&quot;,&quot;desc&quot;:&quot;&lt;p&gt;&lt;\/p&gt;&quot;,&quot;coord&quot;:[0.2678,0.5377],&quot;layer&quot;:&quot;layer1&quot;,&quot;type&quot;:&quot;pulse&quot;,&quot;scale&quot;:0.5,&quot;link&quot;:&quot;https:\/\/www.caresseart.com\/?sanatcilar=damla-gudemez&quot;},{&quot;id&quot;:&quot;loc28&quot;,&quot;title&quot;:&quot;B\u0130RG&Uuml;L G&Uuml;LER&quot;,&quot;desc&quot;:&quot;&lt;p&gt;&lt;\/p&gt;&quot;,&quot;coord&quot;:[0.2764,0.424],&quot;layer&quot;:&quot;layer1&quot;,&quot;type&quot;:&quot;pulse&quot;,&quot;scale&quot;:0.4,&quot;link&quot;:&quot;https:\/\/www.caresseart.com\/?sanatcilar=birgul-guler&quot;},{&quot;id&quot;:&quot;loc27&quot;,&quot;title&quot;:&quot;B\u0130RG&Uuml;L G&Uuml;LER&quot;,&quot;desc&quot;:&quot;&lt;p&gt;&lt;\/p&gt;&quot;,&quot;coord&quot;:[0.3061,0.4382],&quot;layer&quot;:&quot;layer1&quot;,&quot;type&quot;:&quot;pulse&quot;,&quot;scale&quot;:0.4,&quot;link&quot;:&quot;https:\/\/www.caresseart.com\/?sanatcilar=birgul-guler&quot;},{&quot;id&quot;:&quot;loc26&quot;,&quot;title&quot;:&quot;MEHDI NAGHAVI&quot;,&quot;desc&quot;:&quot;&lt;p&gt;&lt;\/p&gt;&quot;,&quot;coord&quot;:[0.3422,0.4392],&quot;layer&quot;:&quot;layer1&quot;,&quot;type&quot;:&quot;pulse&quot;,&quot;scale&quot;:0.4,&quot;link&quot;:&quot;https:\/\/www.caresseart.com\/?sanatcilar=mehdi-naghavi&quot;},{&quot;id&quot;:&quot;loc25&quot;,&quot;title&quot;:&quot;MEHDI NAGHAVI&quot;,&quot;desc&quot;:&quot;&lt;p&gt;&lt;\/p&gt;&quot;,&quot;coord&quot;:[0.3962,0.4236],&quot;layer&quot;:&quot;layer1&quot;,&quot;type&quot;:&quot;pulse&quot;,&quot;scale&quot;:0.4,&quot;link&quot;:&quot;https:\/\/www.caresseart.com\/?sanatcilar=mehdi-naghavi&quot;},{&quot;id&quot;:&quot;loc24&quot;,&quot;title&quot;:&quot;BAHADIR YILDIZ&quot;,&quot;desc&quot;:&quot;&lt;p&gt;&lt;\/p&gt;&quot;,&quot;coord&quot;:[0.4069,0.3597],&quot;layer&quot;:&quot;layer1&quot;,&quot;type&quot;:&quot;pulse&quot;,&quot;scale&quot;:0.4,&quot;link&quot;:&quot;https:\/\/www.caresseart.com\/?sanatcilar=bahadir-yildiz&quot;},{&quot;id&quot;:&quot;loc23&quot;,&quot;title&quot;:&quot;ZAH\u0130T B&Uuml;Y&Uuml;K\u0130\u015eLEYEN&quot;,&quot;desc&quot;:&quot;&lt;p&gt;&lt;\/p&gt;&quot;,&quot;coord&quot;:[0.4307,0.3493],&quot;layer&quot;:&quot;layer1&quot;,&quot;type&quot;:&quot;pulse&quot;,&quot;scale&quot;:0.5,&quot;link&quot;:&quot;https:\/\/www.caresseart.com\/?sanatcilar=zahit-buyukisleyen&quot;},{&quot;id&quot;:&quot;loc21&quot;,&quot;title&quot;:&quot;MAHMUT CAN AKAG&Uuml;ND&Uuml;Z&quot;,&quot;desc&quot;:&quot;&lt;p&gt;&lt;\/p&gt;&quot;,&quot;coord&quot;:[0.4431,0.3913],&quot;layer&quot;:&quot;layer1&quot;,&quot;type&quot;:&quot;pulse&quot;,&quot;scale&quot;:0.5,&quot;link&quot;:&quot;https:\/\/www.caresseart.com\/?sanatcilar=mahmut-can-akagunduz&quot;},{&quot;id&quot;:&quot;loc20&quot;,&quot;title&quot;:&quot;HAVVA MARTA&quot;,&quot;desc&quot;:&quot;&lt;p&gt;&lt;\/p&gt;&quot;,&quot;coord&quot;:[0.4965,0.3827],&quot;layer&quot;:&quot;layer1&quot;,&quot;type&quot;:&quot;pulse&quot;,&quot;scale&quot;:0.5,&quot;link&quot;:&quot;https:\/\/www.caresseart.com\/?sanatcilar=havva-marta&quot;},{&quot;id&quot;:&quot;loc19&quot;,&quot;desc&quot;:&quot;&lt;p&gt;&lt;\/p&gt;&quot;,&quot;coord&quot;:[0.5989,0.366],&quot;layer&quot;:&quot;layer1&quot;,&quot;title&quot;:&quot;HALUK ARMA\u011eAN&quot;,&quot;type&quot;:&quot;pulse&quot;,&quot;scale&quot;:0.5,&quot;link&quot;:&quot;https:\/\/www.caresseart.com\/?sanatcilar=haluk-armagan&quot;},{&quot;id&quot;:&quot;loc18&quot;,&quot;title&quot;:&quot;HALUK ARMA\u011eAN&quot;,&quot;desc&quot;:&quot;&lt;p&gt;&lt;\/p&gt;&quot;,&quot;coord&quot;:[0.5985,0.3291],&quot;layer&quot;:&quot;layer1&quot;,&quot;type&quot;:&quot;pulse&quot;,&quot;scale&quot;:0.5,&quot;link&quot;:&quot;https:\/\/www.caresseart.com\/?sanatcilar=haluk-armagan&quot;},{&quot;id&quot;:&quot;loc17&quot;,&quot;title&quot;:&quot;SEDAT G&Ouml;STER\u0130KL\u0130&quot;,&quot;desc&quot;:&quot;&lt;p&gt;&lt;\/p&gt;&quot;,&quot;coord&quot;:[0.5771,0.3864],&quot;layer&quot;:&quot;layer1&quot;,&quot;type&quot;:&quot;pulse&quot;,&quot;scale&quot;:0.5,&quot;link&quot;:&quot;https:\/\/www.caresseart.com\/?sanatcilar=sedat-gosterikli&quot;},{&quot;id&quot;:&quot;loc16&quot;,&quot;title&quot;:&quot;SEDAT G&Ouml;STER\u0130KL\u0130&quot;,&quot;desc&quot;:&quot;&lt;p&gt;&lt;\/p&gt;&quot;,&quot;coord&quot;:[0.6099,0.3462],&quot;layer&quot;:&quot;layer1&quot;,&quot;type&quot;:&quot;pulse&quot;,&quot;scale&quot;:0.5,&quot;link&quot;:&quot;https:\/\/www.caresseart.com\/?sanatcilar=sedat-gosterikli&quot;},{&quot;id&quot;:&quot;loc15&quot;,&quot;title&quot;:&quot;B\u0130RG&Uuml;L G&Uuml;LER&quot;,&quot;desc&quot;:&quot;&lt;p&gt;&lt;\/p&gt;&quot;,&quot;coord&quot;:[0.4085,0.4555],&quot;layer&quot;:&quot;layer1&quot;,&quot;type&quot;:&quot;pulse&quot;,&quot;scale&quot;:0.5,&quot;link&quot;:&quot;https:\/\/www.caresseart.com\/?sanatcilar=birgul-guler&quot;},{&quot;id&quot;:&quot;loc14&quot;,&quot;title&quot;:&quot;CANSEN YEN\u0130 KUT&quot;,&quot;desc&quot;:&quot;&lt;p&gt;&lt;\/p&gt;&quot;,&quot;coord&quot;:[0.3953,0.5148],&quot;layer&quot;:&quot;layer1&quot;,&quot;type&quot;:&quot;pulse&quot;,&quot;scale&quot;:0.5,&quot;link&quot;:&quot;https:\/\/www.caresseart.com\/?sanatcilar=cansen-yeni-kut&quot;},{&quot;id&quot;:&quot;loc13&quot;,&quot;title&quot;:&quot;AYL\u0130N TASLAK&quot;,&quot;desc&quot;:&quot;&lt;p&gt;&lt;\/p&gt;&quot;,&quot;coord&quot;:[0.3414,0.4794],&quot;layer&quot;:&quot;layer1&quot;,&quot;type&quot;:&quot;pulse&quot;,&quot;scale&quot;:0.5,&quot;link&quot;:&quot;https:\/\/www.caresseart.com\/?sanatcilar=aylin-taslak&quot;},{&quot;id&quot;:&quot;loc12&quot;,&quot;title&quot;:&quot;&Ccedil;ET\u0130N P\u0130REC\u0130 \/ &Ouml;ZLEM ALICI ART GALLERY&quot;,&quot;desc&quot;:&quot;&lt;p&gt;&lt;\/p&gt;&quot;,&quot;coord&quot;:[0.3768,0.539],&quot;layer&quot;:&quot;layer1&quot;,&quot;type&quot;:&quot;pulse&quot;,&quot;scale&quot;:0.5,&quot;link&quot;:&quot;https:\/\/www.caresseart.com\/?sanatcilar=cetin-pireci-ozlem-alici&quot;},{&quot;id&quot;:&quot;loc11&quot;,&quot;title&quot;:&quot;&Ccedil;ET\u0130N P\u0130REC\u0130 \/ &Ouml;ZLEM ALICI ART GALLERY&quot;,&quot;desc&quot;:&quot;&lt;p&gt;&lt;\/p&gt;&quot;,&quot;coord&quot;:[0.312,0.5402],&quot;layer&quot;:&quot;layer1&quot;,&quot;type&quot;:&quot;pulse&quot;,&quot;scale&quot;:0.5,&quot;link&quot;:&quot;https:\/\/www.caresseart.com\/?sanatcilar=cetin-pireci-ozlem-alici&quot;},{&quot;id&quot;:&quot;loc10&quot;,&quot;desc&quot;:&quot;&lt;p&gt;&lt;\/p&gt;&quot;,&quot;coord&quot;:[0.2896,0.5138],&quot;layer&quot;:&quot;layer1&quot;,&quot;title&quot;:&quot;U\u011eUR C\u0130NEL&quot;,&quot;type&quot;:&quot;pulse&quot;,&quot;scale&quot;:0.5,&quot;link&quot;:&quot;https:\/\/www.caresseart.com\/?sanatcilar=ugur-cinel&quot;},{&quot;id&quot;:&quot;loc9&quot;,&quot;title&quot;:&quot;REMZ\u0130 KARABULUT&quot;,&quot;desc&quot;:&quot;&lt;p&gt;&lt;\/p&gt;&quot;,&quot;coord&quot;:[0.2512,0.5652],&quot;layer&quot;:&quot;layer1&quot;,&quot;type&quot;:&quot;pulse&quot;,&quot;scale&quot;:0.5,&quot;link&quot;:&quot;https:\/\/www.caresseart.com\/?sanatcilar=remzi-karabulut&quot;},{&quot;id&quot;:&quot;loc8&quot;,&quot;title&quot;:&quot;BURAK &Ccedil;\u0130ZER&quot;,&quot;desc&quot;:&quot;&lt;p&gt;&lt;\/p&gt;&quot;,&quot;coord&quot;:[0.2196,0.562],&quot;layer&quot;:&quot;layer1&quot;,&quot;type&quot;:&quot;pulse&quot;,&quot;scale&quot;:0.5,&quot;link&quot;:&quot;https:\/\/www.caresseart.com\/?sanatcilar=burak-cizer&quot;},{&quot;id&quot;:&quot;loc7&quot;,&quot;title&quot;:&quot;KAD\u0130R OKARAK \/ BEBEK 65 GALER\u0130&quot;,&quot;desc&quot;:&quot;&lt;p&gt;&lt;\/p&gt;&quot;,&quot;coord&quot;:[0.2038,0.5397],&quot;layer&quot;:&quot;layer1&quot;,&quot;type&quot;:&quot;pulse&quot;,&quot;scale&quot;:0.5,&quot;link&quot;:&quot;https:\/\/www.caresseart.com\/?sanatcilar=kadir-okarak&quot;},{&quot;id&quot;:&quot;loc6&quot;,&quot;title&quot;:&quot;F\u0130L\u0130Z AZAK \/ BEBEK 65 GALER\u0130&quot;,&quot;desc&quot;:&quot;&lt;p&gt;&lt;\/p&gt;&quot;,&quot;coord&quot;:[0.1624,0.5384],&quot;layer&quot;:&quot;layer1&quot;,&quot;type&quot;:&quot;pulse&quot;,&quot;scale&quot;:0.5,&quot;link&quot;:&quot;https:\/\/www.caresseart.com\/?sanatcilar=filiz-azak&quot;},{&quot;id&quot;:&quot;loc5&quot;,&quot;title&quot;:&quot;G&Ouml;RKEM DIKEL&quot;,&quot;desc&quot;:&quot;&lt;p&gt;&lt;\/p&gt;&quot;,&quot;coord&quot;:[0.0986,0.5427],&quot;layer&quot;:&quot;layer1&quot;,&quot;type&quot;:&quot;pulse&quot;,&quot;scale&quot;:0.5,&quot;link&quot;:&quot;https:\/\/www.caresseart.com\/?sanatcilar=gorkem-dikel&quot;},{&quot;id&quot;:&quot;loc4&quot;,&quot;title&quot;:&quot;G.R. CHEESEBROUGH \/ BEBEK 65 GALER\u0130&quot;,&quot;desc&quot;:&quot;&lt;p&gt;&lt;\/p&gt;&quot;,&quot;coord&quot;:[0.2205,0.5208],&quot;layer&quot;:&quot;layer1&quot;,&quot;type&quot;:&quot;pulse&quot;,&quot;scale&quot;:0.5,&quot;link&quot;:&quot;https:\/\/www.caresseart.com\/?sanatcilar=g-r-cheesebrough&quot;},{&quot;id&quot;:&quot;loc3&quot;,&quot;title&quot;:&quot;DAIKI \/ RED ART GALER\u0130&quot;,&quot;desc&quot;:&quot;&lt;p&gt;&lt;\/p&gt;&quot;,&quot;coord&quot;:[0.2175,0.4673],&quot;layer&quot;:&quot;layer1&quot;,&quot;type&quot;:&quot;pulse&quot;,&quot;scale&quot;:0.5,&quot;link&quot;:&quot;https:\/\/www.caresseart.com\/?sanatcilar=daiki&quot;},{&quot;id&quot;:&quot;loc2&quot;,&quot;title&quot;:&quot;NESREN JAKE \/ RED ART GALER\u0130&quot;,&quot;desc&quot;:&quot;&lt;p&gt;&lt;\/p&gt;&quot;,&quot;coord&quot;:[0.2053,0.4459],&quot;layer&quot;:&quot;layer1&quot;,&quot;type&quot;:&quot;pulse&quot;,&quot;scale&quot;:0.5,&quot;link&quot;:&quot;https:\/\/www.caresseart.com\/?sanatcilar=nesren-jake&quot;},{&quot;id&quot;:&quot;loc1&quot;,&quot;title&quot;:&quot;KAD\u0130R OKARAK \/ BEBEK 65 GALER\u0130&quot;,&quot;desc&quot;:&quot;&lt;p&gt;&lt;\/p&gt;&quot;,&quot;coord&quot;:[0.2203,0.3841],&quot;layer&quot;:&quot;layer1&quot;,&quot;scale&quot;:0.4,&quot;type&quot;:&quot;pulse&quot;,&quot;link&quot;:&quot;https:\/\/www.caresseart.com\/?sanatcilar=kadir-okarak&quot;}],&quot;layers&quot;:[{&quot;id&quot;:&quot;layer1&quot;,&quot;name&quot;:&quot;Layer 1&quot;,&quot;file&quot;:&quot;https:\/\/www.caresseart.com\/wp-content\/uploads\/2024\/06\/3-floor-scaled.jpg&quot;}],&quot;breakpoints&quot;:[{&quot;name&quot;:&quot;all-screens&quot;,&quot;below&quot;:9000,&quot;container&quot;:600},{&quot;name&quot;:&quot;mobile&quot;,&quot;below&quot;:480,&quot;container&quot;:400,&quot;portrait&quot;:true}],&quot;samples&quot;:[{&quot;id&quot;:&quot;def&quot;,&quot;title&quot;:&quot;Default&quot;,&quot;group&quot;:[]}],&quot;groups&quot;:[],&quot;styles&quot;:[],&quot;filters&quot;:[],&quot;routes&quot;:[]}\" data-path=\"https:\/\/www.caresseart.com\/wp-content\/plugins\/mapplic-wp\/\/core\/\"><\/mapplic-map><\/div>\n\t\t\t\t\t\t<\/div>\n\t\t\t\t<\/div>\n\t\t\t\t\t<\/div>\n\t\t<\/div>\n\t\t\t\t\t<\/div>\n\t\t<\/section>\n\t\t\t\t<\/div>\n\t\t","protected":false},"excerpt":{"rendered":"<p>EXPLORE ARTS ROUTES 3th FLoor home routes<\/p>\n","protected":false},"author":3,"featured_media":0,"parent":0,"menu_order":0,"comment_status":"closed","ping_status":"closed","template":"elementor_header_footer","meta":{"footnotes":""},"class_list":["post-1932","page","type-page","status-publish"],"_links":{"self":[{"href":"https:\/\/www.caresseart.com\/index.php?rest_route=\/wp\/v2\/pages\/1932","targetHints":{"allow":["GET"]}}],"collection":[{"href":"https:\/\/www.caresseart.com\/index.php?rest_route=\/wp\/v2\/pages"}],"about":[{"href":"https:\/\/www.caresseart.com\/index.php?rest_route=\/wp\/v2\/types\/page"}],"author":[{"embeddable":true,"href":"https:\/\/www.caresseart.com\/index.php?rest_route=\/wp\/v2\/users\/3"}],"replies":[{"embeddable":true,"href":"https:\/\/www.caresseart.com\/index.php?rest_route=%2Fwp%2Fv2%2Fcomments&post=1932"}],"version-history":[{"count":7,"href":"https:\/\/www.caresseart.com\/index.php?rest_route=\/wp\/v2\/pages\/1932\/revisions"}],"predecessor-version":[{"id":1998,"href":"https:\/\/www.caresseart.com\/index.php?rest_route=\/wp\/v2\/pages\/1932\/revisions\/1998"}],"wp:attachment":[{"href":"https:\/\/www.caresseart.com\/index.php?rest_route=%2Fwp%2Fv2%2Fmedia&parent=1932"}],"curies":[{"name":"wp","href":"https:\/\/api.w.org\/{rel}","templated":true}]}}